{"id":849,"date":"2023-03-01T13:15:14","date_gmt":"2023-03-01T12:15:14","guid":{"rendered":"https:\/\/staging.bewerbungsfoto-kreuzberg.de\/?page_id=849"},"modified":"2024-06-06T12:48:00","modified_gmt":"2024-06-06T10:48:00","slug":"site-notice","status":"publish","type":"page","link":"https:\/\/bewerbungsfoto-kreuzberg.de\/en\/site-notice\/","title":{"rendered":"Site Notice"},"content":{"rendered":"\t\t<div data-elementor-type=\"wp-page\" data-elementor-id=\"849\" class=\"elementor elementor-849 elementor-838\" data-elementor-post-type=\"page\">\n\t\t\t\t<div class=\"elementor-element elementor-element-5d4327a pad-tb-l e-flex e-con-boxed e-con e-parent\" data-id=\"5d4327a\" data-element_type=\"container\" data-e-type=\"container\">\n\t\t\t\t\t<div class=\"e-con-inner\">\n\t\t\t\t<div class=\"elementor-element elementor-element-b63c611 elementor-widget elementor-widget-text-editor\" data-id=\"b63c611\" data-element_type=\"widget\" data-e-type=\"widget\" data-widget_type=\"text-editor.default\">\n\t\t\t\t<div class=\"elementor-widget-container\">\n\t\t\t\t\t\t\t\t\t<h1>Site Notice<\/h1><p>Joerg Christian Jasper<br \/>jasper q photography &#8211; Portrait- &amp; Businessfotograf<br \/>Tempelherrenstr. 3<br \/>10961 Berlin<\/p><h2>Contact<\/h2><p>Phone: +49 179 2244539<br \/>E-mail: info@jasperq.photography<\/p><h2>VAT ID<\/h2><p>Sales tax identification number according to Sect. 27 a of the Sales Tax Law:<br \/>DE335101910<\/p><h2>Job title and professional regulations<\/h2><p>Job title:<br \/>Fotograf<\/p><p>Competent chamber:<br \/>Handwerkskammer Berlin<br \/>https:\/\/hwk-berlin.de<\/p><p>Authorisation granted in:<br \/>Deutschland<\/p><h2>Person responsible for editorial<\/h2><p>Joerg C Jasper<br \/>jasper q photography<br \/>Tempelherrenstr. 3<br \/>10961 Berlin<\/p><h2>EU dispute resolution<\/h2><p>The European Commission provides a platform for online dispute resolution (ODR):\u00a0<a href=\"https:\/\/ec.europa.eu\/consumers\/odr\/\" target=\"_blank\" rel=\"noopener noreferrer\">https:\/\/ec.europa.eu\/consumers\/odr\/<\/a>.<br \/>Our e-mail address can be found above in the site notice.<\/p><h2>Dispute resolution proceedings in front of a consumer arbitration board<\/h2><p>We participate in a dispute settlement procedure before a consumer arbitration board. The competent consumer arbitration board is Zentrum f\u00fcr Schlichtung e.V., Stra\u00dfburger Stra\u00dfe 8, 77694 Kehl am Rhein (<a href=\"https:\/\/www.verbraucher-schlichter.de\/\" target=\"_blank\" rel=\"noopener noreferrer\">https:\/\/www.verbraucher-schlichter.de<\/a>).<\/p>\t\t\t\t\t\t\t\t<\/div>\n\t\t\t\t<\/div>\n\t\t\t\t\t<\/div>\n\t\t\t\t<\/div>\n\t\t\t\t<\/div>\n\t\t","protected":false},"excerpt":{"rendered":"<p>Site Notice Joerg Christian Jasperjasper q photography &#8211; Portrait- &amp; BusinessfotografTempelherrenstr. 310961 Berlin Contact Phone: +49 179 2244539E-mail: info@jasperq.photography VAT ID Sales tax identification number according to Sect. 27 a of the Sales Tax Law:DE335101910 Job title and professional regulations Job title:Fotograf Competent chamber:Handwerkskammer Berlinhttps:\/\/hwk-berlin.de Authorisation granted in:Deutschland Person responsible for editorial Joerg C Jasperjasper [&hellip;]<\/p>\n","protected":false},"author":1,"featured_media":0,"parent":0,"menu_order":24,"comment_status":"closed","ping_status":"closed","template":"","meta":{"iawp_total_views":0,"footnotes":""},"class_list":["post-849","page","type-page","status-publish","hentry"],"ase":null,"_links":{"self":[{"href":"https:\/\/bewerbungsfoto-kreuzberg.de\/en\/wp-json\/wp\/v2\/pages\/849","targetHints":{"allow":["GET"]}}],"collection":[{"href":"https:\/\/bewerbungsfoto-kreuzberg.de\/en\/wp-json\/wp\/v2\/pages"}],"about":[{"href":"https:\/\/bewerbungsfoto-kreuzberg.de\/en\/wp-json\/wp\/v2\/types\/page"}],"author":[{"embeddable":true,"href":"https:\/\/bewerbungsfoto-kreuzberg.de\/en\/wp-json\/wp\/v2\/users\/1"}],"replies":[{"embeddable":true,"href":"https:\/\/bewerbungsfoto-kreuzberg.de\/en\/wp-json\/wp\/v2\/comments?post=849"}],"version-history":[{"count":0,"href":"https:\/\/bewerbungsfoto-kreuzberg.de\/en\/wp-json\/wp\/v2\/pages\/849\/revisions"}],"wp:attachment":[{"href":"https:\/\/bewerbungsfoto-kreuzberg.de\/en\/wp-json\/wp\/v2\/media?parent=849"}],"curies":[{"name":"wp","href":"https:\/\/api.w.org\/{rel}","templated":true}]}}